{"id":14,"date":"2025-07-05T02:55:11","date_gmt":"2025-07-05T02:55:11","guid":{"rendered":"https:\/\/bexam-dz.com\/?page_id=14"},"modified":"2025-07-05T06:18:49","modified_gmt":"2025-07-05T06:18:49","slug":"home","status":"publish","type":"page","link":"https:\/\/bexam-dz.com\/","title":{"rendered":"Home"},"content":{"rendered":"\n<p>Bexam<\/p>\n\n\n\n<div class=\"wp-block-cover alignfull\" style=\"min-height:720px;aspect-ratio:unset;\"><span aria-hidden=\"true\" class=\"wp-block-cover__background has-background-dim-100 has-background-dim has-background-gradient has-midnight-gradient-background\"><\/span><div class=\"wp-block-cover__inner-container is-layout-flow wp-block-cover-is-layout-flow\">\n<div class=\"wp-block-media-text has-media-on-the-right is-stacked-on-mobile\" style=\"grid-template-columns:auto 40%\"><div class=\"wp-block-media-text__content\">\n<h2 class=\"wp-block-heading has-ast-global-color-6-color has-text-color has-link-color wp-elements-94c01157a5f2241f6166ab7e9a292db8\">BEXAM-Expertise<\/h2>\n\n\n\n<p class=\"has-ast-global-color-6-color has-text-color has-link-color wp-elements-f7ba8d1bafc4e7016b5ab18c38b320b6\">Bureau d\u2019\u00e9tudes \u00e0 caract\u00e8re consultatif et d\u2019expertise, agr\u00e9\u00e9 par les minist\u00e8res de l\u2019Environnement et des \u00c9nergies Renouvelables. Il intervient dans les domaines de l\u2019environnement, de l\u2019am\u00e9nagement du territoire, des travaux publics, des ressources halieutiques et hydriques, en r\u00e9alisant diagnostics, \u00e9valuations, mesures, recommandations et propositions de solutions. BEXAM met \u00e0 disposition une \u00e9quipe pluridisciplinaire d\u2019experts hautement qualifi\u00e9s, dynamiques et professionnels, engag\u00e9e \u00e0 r\u00e9pondre efficacement aux besoins de ses partenaires.<\/p>\n<\/div><figure class=\"wp-block-media-text__media\"><img loading=\"lazy\" decoding=\"async\" width=\"1024\" height=\"1024\" src=\"http:\/\/bexam-dz.com\/wp-content\/uploads\/2025\/07\/\u2014Pngtree\u2014underwater-world-cartoon-decoration_9142033-1024x1024.png\" alt=\"\" class=\"wp-image-72 size-full\" srcset=\"https:\/\/bexam-dz.com\/wp-content\/uploads\/2025\/07\/\u2014Pngtree\u2014underwater-world-cartoon-decoration_9142033-1024x1024.png 1024w, https:\/\/bexam-dz.com\/wp-content\/uploads\/2025\/07\/\u2014Pngtree\u2014underwater-world-cartoon-decoration_9142033-300x300.png 300w, https:\/\/bexam-dz.com\/wp-content\/uploads\/2025\/07\/\u2014Pngtree\u2014underwater-world-cartoon-decoration_9142033-150x150.png 150w, https:\/\/bexam-dz.com\/wp-content\/uploads\/2025\/07\/\u2014Pngtree\u2014underwater-world-cartoon-decoration_9142033-768x768.png 768w, https:\/\/bexam-dz.com\/wp-content\/uploads\/2025\/07\/\u2014Pngtree\u2014underwater-world-cartoon-decoration_9142033-1536x1536.png 1536w, https:\/\/bexam-dz.com\/wp-content\/uploads\/2025\/07\/\u2014Pngtree\u2014underwater-world-cartoon-decoration_9142033-2048x2048.png 2048w\" sizes=\"auto, (max-width: 1024px) 100vw, 1024px\" \/><\/figure><\/div>\n<\/div><\/div>\n\n\n\n<div class=\"wp-block-group alignfull is-layout-constrained wp-container-core-group-is-layout-45b0ac4f wp-block-group-is-layout-constrained\" id=\"services\" style=\"padding-top:144px;padding-bottom:0px\">\n<h2 class=\"wp-block-heading\">Nos Services<\/h2>\n\n\n\n<div class=\"wp-block-columns is-layout-flex wp-container-core-columns-is-layout-60cbf9bb wp-block-columns-is-layout-flex\" style=\"margin-top:50px\">\n<div class=\"wp-block-column is-layout-flow wp-container-core-column-is-layout-6b73ce23 wp-block-column-is-layout-flow\">\n<figure class=\"wp-block-image size-full\"><img loading=\"lazy\" decoding=\"async\" width=\"816\" height=\"471\" src=\"http:\/\/bexam-dz.com\/wp-content\/uploads\/2025\/07\/asset-v1_Fatimazahra.BERREGHIOUAF11103_08_2024type@assetblock@image_module.jpg\" alt=\"\" class=\"wp-image-62\" srcset=\"https:\/\/bexam-dz.com\/wp-content\/uploads\/2025\/07\/asset-v1_Fatimazahra.BERREGHIOUAF11103_08_2024type@assetblock@image_module.jpg 816w, https:\/\/bexam-dz.com\/wp-content\/uploads\/2025\/07\/asset-v1_Fatimazahra.BERREGHIOUAF11103_08_2024type@assetblock@image_module-300x173.jpg 300w, https:\/\/bexam-dz.com\/wp-content\/uploads\/2025\/07\/asset-v1_Fatimazahra.BERREGHIOUAF11103_08_2024type@assetblock@image_module-768x443.jpg 768w\" sizes=\"auto, (max-width: 816px) 100vw, 816px\" \/><\/figure>\n\n\n\n<h3 class=\"wp-block-heading has-text-align-center\" style=\"margin-top:16px\"><strong>Am\u00e9nagement du Territoire<\/strong><\/h3>\n\n\n\n<p>Lev\u00e9s topographiques, cartes bathym\u00e9triques et profils de plages. \u00c9tudes de sites pour agr\u00e9gats, infrastructures touristiques, \u00e9nerg\u00e9tiques et hydrauliques.<\/p>\n<\/div>\n\n\n\n<div class=\"wp-block-column is-layout-flow wp-container-core-column-is-layout-6b73ce23 wp-block-column-is-layout-flow\">\n<figure class=\"wp-block-image aligncenter size-full is-resized\"><img loading=\"lazy\" decoding=\"async\" width=\"2560\" height=\"2375\" src=\"https:\/\/bexam-dz.com\/wp-content\/uploads\/2025\/07\/39766-scaled.jpg\" alt=\"\" class=\"wp-image-63\" style=\"width:239px;height:auto\" srcset=\"https:\/\/bexam-dz.com\/wp-content\/uploads\/2025\/07\/39766-scaled.jpg 2560w, https:\/\/bexam-dz.com\/wp-content\/uploads\/2025\/07\/39766-300x278.jpg 300w, https:\/\/bexam-dz.com\/wp-content\/uploads\/2025\/07\/39766-1024x950.jpg 1024w, https:\/\/bexam-dz.com\/wp-content\/uploads\/2025\/07\/39766-768x713.jpg 768w, https:\/\/bexam-dz.com\/wp-content\/uploads\/2025\/07\/39766-1536x1425.jpg 1536w, https:\/\/bexam-dz.com\/wp-content\/uploads\/2025\/07\/39766-2048x1900.jpg 2048w\" sizes=\"auto, (max-width: 2560px) 100vw, 2560px\" \/><\/figure>\n\n\n\n<h3 class=\"wp-block-heading has-text-align-center\" style=\"margin-top:16px\"><strong>Impact sur l&#8217;Environnement<\/strong><\/h3>\n\n\n\n<p>\u00c9tudes d\u2019impact, audits environnementaux et \u00e9tudes de danger. Analyse g\u00e9ochimique des rejets, identification des polluants et de leur comportement dans l\u2019eau et les s\u00e9diments.<\/p>\n<\/div>\n\n\n\n<div class=\"wp-block-column is-layout-flow wp-container-core-column-is-layout-6b73ce23 wp-block-column-is-layout-flow\">\n<figure class=\"wp-block-image aligncenter size-full is-resized\"><img loading=\"lazy\" decoding=\"async\" width=\"834\" height=\"634\" src=\"http:\/\/bexam-dz.com\/wp-content\/uploads\/2025\/07\/wmremove-transformed-1.png\" alt=\"\" class=\"wp-image-66\" style=\"width:293px;height:auto\" srcset=\"https:\/\/bexam-dz.com\/wp-content\/uploads\/2025\/07\/wmremove-transformed-1.png 834w, https:\/\/bexam-dz.com\/wp-content\/uploads\/2025\/07\/wmremove-transformed-1-300x228.png 300w, https:\/\/bexam-dz.com\/wp-content\/uploads\/2025\/07\/wmremove-transformed-1-768x584.png 768w\" sizes=\"auto, (max-width: 834px) 100vw, 834px\" \/><\/figure>\n\n\n\n<h3 class=\"wp-block-heading has-text-align-center\" style=\"margin-top:16px\"><strong>P\u00e8che et Aquaculture<\/strong><\/h3>\n\n\n\n<p>Conseils en aquaculture sur le choix des sites d\u2019implantation et des esp\u00e8ces \u00e0 \u00e9lever. \u00c9tablissement de cartes pour d\u00e9limiter les zones de p\u00eache selon leur potentiel.<\/p>\n<\/div>\n<\/div>\n<\/div>\n\n\n\n<div class=\"wp-block-group alignfull has-ast-global-color-4-background-color has-background is-layout-constrained wp-container-core-group-is-layout-6a2cfb7b wp-block-group-is-layout-constrained\" id=\"reviews\">\n<figure class=\"wp-block-image aligncenter size-full\"><img loading=\"lazy\" decoding=\"async\" width=\"141\" height=\"147\" src=\"http:\/\/bexam-dz.com\/wp-content\/uploads\/2025\/07\/arton1-330ab.png\" alt=\"\" class=\"wp-image-57\"\/><\/figure>\n\n\n\n<p class=\"has-text-align-left\" style=\"font-size:22px;line-height:1.6\">Le d\u00e9veloppement durable est crucial pour un am\u00e9nagement \u00e9quilibr\u00e9 du territoire, particuli\u00e8rement en zones littorales, fragiles et dens\u00e9ment peupl\u00e9es comme la c\u00f4te alg\u00e9rienne. Une gestion int\u00e9gr\u00e9e, fond\u00e9e sur des donn\u00e9es environnementales solides et une collaboration entre scientifiques, pouvoirs publics et usagers, est indispensable. La pollution marine croissante n\u00e9cessite des \u00e9tudes pr\u00e9alables rigoureuses pour pr\u00e9server les \u00e9cosyst\u00e8mes. BEXAM s\u2019engage dans cette d\u00e9marche \u00e0 travers une expertise pluridisciplinaire et r\u00e9active.<\/p>\n\n\n\n<p class=\"has-text-align-center\"><strong>Hafida Lamri<\/strong><\/p>\n<\/div>\n","protected":false},"excerpt":{"rendered":"<p>Bexam Nos Services Am\u00e9nagement du Territoire Lev\u00e9s topographiques, cartes bathym\u00e9triques et profils de plages. \u00c9tudes de sites pour agr\u00e9gats, infrastructures [&hellip;]<\/p>\n","protected":false},"author":1,"featured_media":0,"parent":0,"menu_order":0,"comment_status":"closed","ping_status":"closed","template":"","meta":{"site-sidebar-layout":"no-sidebar","site-content-layout":"plain-container","ast-site-content-layout":"default","site-content-style":"default","site-sidebar-style":"default","ast-global-header-display":"","ast-banner-title-visibility":"","ast-main-header-display":"","ast-hfb-above-header-display":"","ast-hfb-below-header-display":"","ast-hfb-mobile-header-display":"","site-post-title":"disabled","ast-breadcrumbs-content":"","ast-featured-img":"","footer-sml-layout":"","theme-transparent-header-meta":"enabled","adv-header-id-meta":"","stick-header-meta":"","header-above-stick-meta":"","header-main-stick-meta":"","header-below-stick-meta":"","astra-migrate-meta-layouts":"default","ast-page-background-enabled":"default","ast-page-background-meta":{"desktop":{"background-color":"var(--ast-global-color-5)","background-image":"","background-repeat":"repeat","background-position":"center center","background-size":"auto","background-attachment":"scroll","background-type":"","background-media":"","overlay-type":"","overlay-color":"","overlay-opacity":"","overlay-gradient":""},"tablet":{"background-color":"","background-image":"","background-repeat":"repeat","background-position":"center center","background-size":"auto","background-attachment":"scroll","background-type":"","background-media":"","overlay-type":"","overlay-color":"","overlay-opacity":"","overlay-gradient":""},"mobile":{"background-color":"","background-image":"","background-repeat":"repeat","background-position":"center center","background-size":"auto","background-attachment":"scroll","background-type":"","background-media":"","overlay-type":"","overlay-color":"","overlay-opacity":"","overlay-gradient":""}},"ast-content-background-meta":{"desktop":{"background-color":"var(--ast-global-color-4)","background-image":"","background-repeat":"repeat","background-position":"center center","background-size":"auto","background-attachment":"scroll","background-type":"","background-media":"","overlay-type":"","overlay-color":"","overlay-opacity":"","overlay-gradient":""},"tablet":{"background-color":"var(--ast-global-color-4)","background-image":"","background-repeat":"repeat","background-position":"center center","background-size":"auto","background-attachment":"scroll","background-type":"","background-media":"","overlay-type":"","overlay-color":"","overlay-opacity":"","overlay-gradient":""},"mobile":{"background-color":"var(--ast-global-color-4)","background-image":"","background-repeat":"repeat","background-position":"center center","background-size":"auto","background-attachment":"scroll","background-type":"","background-media":"","overlay-type":"","overlay-color":"","overlay-opacity":"","overlay-gradient":""}},"footnotes":""},"class_list":["post-14","page","type-page","status-publish","hentry"],"_links":{"self":[{"href":"https:\/\/bexam-dz.com\/index.php\/wp-json\/wp\/v2\/pages\/14","targetHints":{"allow":["GET"]}}],"collection":[{"href":"https:\/\/bexam-dz.com\/index.php\/wp-json\/wp\/v2\/pages"}],"about":[{"href":"https:\/\/bexam-dz.com\/index.php\/wp-json\/wp\/v2\/types\/page"}],"author":[{"embeddable":true,"href":"https:\/\/bexam-dz.com\/index.php\/wp-json\/wp\/v2\/users\/1"}],"replies":[{"embeddable":true,"href":"https:\/\/bexam-dz.com\/index.php\/wp-json\/wp\/v2\/comments?post=14"}],"version-history":[{"count":34,"href":"https:\/\/bexam-dz.com\/index.php\/wp-json\/wp\/v2\/pages\/14\/revisions"}],"predecessor-version":[{"id":121,"href":"https:\/\/bexam-dz.com\/index.php\/wp-json\/wp\/v2\/pages\/14\/revisions\/121"}],"wp:attachment":[{"href":"https:\/\/bexam-dz.com\/index.php\/wp-json\/wp\/v2\/media?parent=14"}],"curies":[{"name":"wp","href":"https:\/\/api.w.org\/{rel}","templated":true}]}}